{"id":2,"date":"2016-10-11T15:56:00","date_gmt":"2016-10-11T15:56:00","guid":{"rendered":"http:\/\/sites.ipleiria.pt\/addadditive\/?page_id=2"},"modified":"2022-06-20T11:09:02","modified_gmt":"2022-06-20T11:09:02","slug":"pagina-exemplo","status":"publish","type":"page","link":"https:\/\/add-additive.ipleiria.pt\/en\/","title":{"rendered":"Home"},"content":{"rendered":"\n<div class=\"wp-block-cover alignfull\" style=\"min-height:90vh;aspect-ratio:unset;\"><span aria-hidden=\"true\" class=\"has-background-dim-20 wp-block-cover__gradient-background has-background-dim\"><\/span><img fetchpriority=\"high\" decoding=\"async\" width=\"1620\" height=\"1080\" class=\"wp-block-cover__image-background wp-image-354\" alt=\"\" src=\"http:\/\/addadditive.pt\/files\/2022\/02\/IMG_9671-Large.jpg\" style=\"object-position:0% 0%\" data-object-fit=\"cover\" data-object-position=\"0% 0%\" srcset=\"https:\/\/add-additive.ipleiria.pt\/files\/2022\/02\/IMG_9671-Large.jpg 1620w, https:\/\/add-additive.ipleiria.pt\/files\/2022\/02\/IMG_9671-Large-300x200.jpg 300w, https:\/\/add-additive.ipleiria.pt\/files\/2022\/02\/IMG_9671-Large-1024x683.jpg 1024w, https:\/\/add-additive.ipleiria.pt\/files\/2022\/02\/IMG_9671-Large-768x512.jpg 768w, https:\/\/add-additive.ipleiria.pt\/files\/2022\/02\/IMG_9671-Large-1536x1024.jpg 1536w, https:\/\/add-additive.ipleiria.pt\/files\/2022\/02\/IMG_9671-Large-720x480.jpg 720w\" sizes=\"(max-width: 1620px) 100vw, 1620px\" \/><div class=\"wp-block-cover__inner-container is-layout-flow wp-block-cover-is-layout-flow\"><style>.wp-block-kadence-advancedheading.kt-adv-heading_e3c96e-e3, .wp-block-kadence-advancedheading.kt-adv-heading_e3c96e-e3[data-kb-block=\"kb-adv-heading_e3c96e-e3\"]{font-size:50px;font-style:normal;}.wp-block-kadence-advancedheading.kt-adv-heading_e3c96e-e3 mark.kt-highlight, .wp-block-kadence-advancedheading.kt-adv-heading_e3c96e-e3[data-kb-block=\"kb-adv-heading_e3c96e-e3\"] mark.kt-highlight{font-style:normal;color:#f76a0c;-webkit-box-decoration-break:clone;box-decoration-break:clone;padding-top:0px;padding-right:0px;padding-bottom:0px;padding-left:0px;}.wp-block-kadence-advancedheading.kt-adv-heading_e3c96e-e3 img.kb-inline-image, .wp-block-kadence-advancedheading.kt-adv-heading_e3c96e-e3[data-kb-block=\"kb-adv-heading_e3c96e-e3\"] img.kb-inline-image{width:150px;vertical-align:baseline;}<\/style>\n<p class=\"kt-adv-heading_e3c96e-e3 wp-block-kadence-advancedheading\" data-kb-block=\"kb-adv-heading_e3c96e-e3\"><span style=\"color:#fff\" class=\"tadv-color\"><strong>BEM VINDO AO ADD.ADDITIVE<\/strong><\/span><\/p>\n<\/div><\/div>\n\n\n<div class=\"kt-row-layout-bottom-sep kt-row-sep-type-ctd\">\u00a0<\/div>\n<p><!-- \/wp:kadence\/rowlayout --><\/p>\n<h1 style=\"text-align: center\">\u00a0<\/h1>\n<table style=\"border-collapse: collapse;width: 100%\">\n<tbody>\n<tr>\n<td style=\"width: 12%\">\u00a0<\/td>\n<td style=\"width: 75.0666%\">\n<h1 style=\"text-align: center\"><em>Dar resposta \u00e0s grandes quest\u00f5es de investiga\u00e7\u00e3o e desenvolvim<\/em><em>ento<\/em><\/h1>\n<\/td>\n<td style=\"width: 12.9333%\">\u00a0<\/td>\n<\/tr>\n<\/tbody>\n<\/table>\n<h1 style=\"text-align: center\">\u00a0<\/h1>\n<div class=\"hrule clearfix\"><\/div>\n<p>\u00a0<\/p>\n<table style=\"border-collapse: collapse;width: 100%\">\n<tbody>\n<tr>\n<td style=\"width: 16.6667%\">\u00a0<\/td>\n<td style=\"width: 16.6667%\">\n<p><a href=\"http:\/\/addadditive.pt\/objectivos\/\"><img decoding=\"async\" class=\"aligncenter wp-image-304\" title=\"Objectivos\" src=\"http:\/\/add-additive.ipleiria.pt\/files\/2019\/09\/002-project-150x150.png\" alt=\"\" width=\"70\" height=\"70\" srcset=\"https:\/\/add-additive.ipleiria.pt\/files\/2019\/09\/002-project-150x150.png 150w, https:\/\/add-additive.ipleiria.pt\/files\/2019\/09\/002-project-300x300.png 300w, https:\/\/add-additive.ipleiria.pt\/files\/2019\/09\/002-project.png 512w\" sizes=\"(max-width: 70px) 100vw, 70px\" \/><\/a><\/p>\n<p>\u00a0<\/p>\n<p style=\"text-align: center\"><strong>OBJETIVOS<\/strong><\/p>\n<\/td>\n<td style=\"width: 33.3333%\">\n<p><a href=\"http:\/\/addadditive.pt\/consorcio\/\"><img decoding=\"async\" class=\"aligncenter wp-image-306\" title=\"Consorcio\" src=\"http:\/\/add-additive.ipleiria.pt\/files\/2019\/09\/004-team-150x150.png\" alt=\"\" width=\"73\" height=\"73\" srcset=\"https:\/\/add-additive.ipleiria.pt\/files\/2019\/09\/004-team-150x150.png 150w, https:\/\/add-additive.ipleiria.pt\/files\/2019\/09\/004-team-300x300.png 300w, https:\/\/add-additive.ipleiria.pt\/files\/2019\/09\/004-team.png 512w\" sizes=\"(max-width: 73px) 100vw, 73px\" \/><\/a><\/p>\n<p>\u00a0<\/p>\n<p style=\"text-align: center\"><strong>CONS\u00d3RCIO<\/strong><\/p>\n<\/td>\n<td style=\"width: 16.6667%\">\n<p><a href=\"http:\/\/addadditive.pt\/resultados\/\"><img loading=\"lazy\" decoding=\"async\" class=\"aligncenter wp-image-305\" title=\"Resultados\" src=\"http:\/\/add-additive.ipleiria.pt\/files\/2019\/09\/003-chart-150x150.png\" alt=\"\" width=\"72\" height=\"72\" srcset=\"https:\/\/add-additive.ipleiria.pt\/files\/2019\/09\/003-chart-150x150.png 150w, https:\/\/add-additive.ipleiria.pt\/files\/2019\/09\/003-chart-300x300.png 300w, https:\/\/add-additive.ipleiria.pt\/files\/2019\/09\/003-chart.png 512w\" sizes=\"(max-width: 72px) 100vw, 72px\" \/><\/a><\/p>\n<p>\u00a0<\/p>\n<p style=\"text-align: center\"><strong>RESULTADOS<\/strong><\/p>\n<\/td>\n<td style=\"width: 16.6667%\">\u00a0<\/td>\n<\/tr>\n<\/tbody>\n<\/table>\n<table style=\"border-collapse: collapse;width: 100%;height: 10px\">\n<tbody>\n<tr style=\"height: 23px\">\n<td style=\"width: 240px;height: 10px;text-align: center\">\u00a0\u00a0<\/td>\n<td style=\"width: 239px;height: 10px;text-align: center\">\u00a0<\/td>\n<td style=\"width: 240px;height: 10px;text-align: center\">\u00a0<\/td>\n<\/tr>\n<\/tbody>\n<\/table>\n<p><!-- wp:tadv\/classic-paragraph \/--><\/p>\n<p style=\"text-align: center\"><em style=\"color: #444444;font-size: 32px;letter-spacing: 1.2px;text-align: center\"><div class=\"hrule clearfix\"><\/div><\/em><\/p>\n<p style=\"text-align: center\"><em style=\"color: #444444;font-size: 32px;letter-spacing: 1.2px;text-align: center\">Alavancar a valoriza\u00e7\u00e3o dos resultados em diversos setores<\/em><\/p>\n<table style=\"border-collapse: collapse;width: 100%\">\n<tbody>\n<tr>\n<td style=\"width: 11.3333%\">\u00a0<\/td>\n<td style=\"width: 75.3333%;text-align: center\">Atrav\u00e9s de uma estrat\u00e9gia coordenada entre parceiros industriais e institutos e centros de investiga\u00e7\u00e3o, sendo o conhecimento gerado valorizado por via de atividades de cria\u00e7\u00e3o, difus\u00e3o, transfer\u00eancia, utiliza\u00e7\u00e3o e incorpora\u00e7\u00e3o de tecnologia assentes em tr\u00eas pilares: ci\u00eancia e desenvolvimento tecnol\u00f3gico; internaliza\u00e7\u00e3o de saber e tecnologia pelos tomadores; e utiliza\u00e7\u00e3o dos mesmos pelos potenciais utilizadores finais.<\/td>\n<td style=\"width: 13.3333%\">\u00a0<\/td>\n<\/tr>\n<\/tbody>\n<\/table>\n<p style=\"text-align: center\">\u00a0<\/p>\n<table style=\"border-collapse: collapse;width: 100%\">\n<tbody>\n<tr>\n<td style=\"width: 12.5333%\">\u00a0<\/td>\n<td style=\"width: 73.6%\"><div class=\"kad-vimeo-shortcode  videofit \"><iframe width=\"600\" height=\"400\" src=\"\/\/player.vimeo.com\/video\/358844369?title=0&amp;byline=0&amp;portrait=0&amp;color=ffffff\" frameborder=\"0\" allowfullscreen=\"true\"><\/iframe><\/div><\/td>\n<td style=\"width: 13.8666%\">\u00a0<\/td>\n<\/tr>\n<\/tbody>\n<\/table>\n<div class=\"hrule clearfix\"><\/div>","protected":false},"excerpt":{"rendered":"<p>\u00a0 \u00a0 \u00a0 Dar resposta \u00e0s grandes quest\u00f5es de investiga\u00e7\u00e3o e desenvolvimento \u00a0 \u00a0 \u00a0 \u00a0 \u00a0 OBJETIVOS \u00a0 CONS\u00d3RCIO \u00a0 RESULTADOS \u00a0 \u00a0\u00a0 \u00a0 \u00a0 Alavancar a valoriza\u00e7\u00e3o dos resultados em diversos setores \u00a0 Atrav\u00e9s de uma estrat\u00e9gia coordenada &hellip; <a class=\"kt-excerpt-readmore more-link\" href=\"https:\/\/add-additive.ipleiria.pt\/en\/\">Read More<\/a><\/p>\n","protected":false},"author":66,"featured_media":0,"parent":0,"menu_order":0,"comment_status":"closed","ping_status":"open","template":"","meta":{"kt_blocks_editor_width":"","footnotes":""},"class_list":["post-2","page","type-page","status-publish","hentry"],"_links":{"self":[{"href":"https:\/\/add-additive.ipleiria.pt\/en\/wp-json\/wp\/v2\/pages\/2","targetHints":{"allow":["GET"]}}],"collection":[{"href":"https:\/\/add-additive.ipleiria.pt\/en\/wp-json\/wp\/v2\/pages"}],"about":[{"href":"https:\/\/add-additive.ipleiria.pt\/en\/wp-json\/wp\/v2\/types\/page"}],"author":[{"embeddable":true,"href":"https:\/\/add-additive.ipleiria.pt\/en\/wp-json\/wp\/v2\/users\/66"}],"replies":[{"embeddable":true,"href":"https:\/\/add-additive.ipleiria.pt\/en\/wp-json\/wp\/v2\/comments?post=2"}],"version-history":[{"count":125,"href":"https:\/\/add-additive.ipleiria.pt\/en\/wp-json\/wp\/v2\/pages\/2\/revisions"}],"predecessor-version":[{"id":729,"href":"https:\/\/add-additive.ipleiria.pt\/en\/wp-json\/wp\/v2\/pages\/2\/revisions\/729"}],"wp:attachment":[{"href":"https:\/\/add-additive.ipleiria.pt\/en\/wp-json\/wp\/v2\/media?parent=2"}],"curies":[{"name":"wp","href":"https:\/\/api.w.org\/{rel}","templated":true}]}}